{"id":783,"date":"2025-04-02T11:37:30","date_gmt":"2025-04-02T03:37:30","guid":{"rendered":"http:\/\/mate-solar.com\/?page_id=783"},"modified":"2025-05-14T11:25:08","modified_gmt":"2025-05-14T03:25:08","slug":"politique-de-confidentialite","status":"publish","type":"page","link":"https:\/\/www.mate-solar.com\/fr\/privacy-policy\/","title":{"rendered":"Politique de confidentialit\u00e9"},"content":{"rendered":"<p>Bienvenue sur le site de Mate Solar Co. Ltd (\"United\", \"nous\", \"notre\", \"nos\"). Votre vie priv\u00e9e et la s\u00e9curit\u00e9 de vos informations personnelles sont primordiales pour nous. La pr\u00e9sente politique de confidentialit\u00e9 d\u00e9crit les types d'informations que nous recueillons, la mani\u00e8re dont nous les utilisons, les mesures que nous prenons pour prot\u00e9ger vos informations et les choix qui s'offrent \u00e0 vous en ce qui concerne l'utilisation de vos informations. Veuillez lire attentivement cette politique.<\/p>\n\n\n\n<p>Informations collect\u00e9es<\/p>\n\n\n\n<p>Nous recueillons des informations qui permettent de vous identifier, telles que votre nom, votre adresse \u00e9lectronique, votre num\u00e9ro de t\u00e9l\u00e9phone et votre adresse personnelle, ainsi que d'autres informations qui ne permettent pas de vous identifier. Nous recueillons ces informations de diff\u00e9rentes mani\u00e8res, par exemple lorsque vous demandez un devis, vous inscrivez \u00e0 notre bulletin d'information, participez \u00e0 une enqu\u00eate ou contactez notre service client\u00e8le.<\/p>\n\n\n\n<p>Comment nous utilisons vos informations<\/p>\n\n\n\n<p>Nous pouvons utiliser vos informations personnelles aux fins suivantes :<br>Pour l'introduire dans notre syst\u00e8me de service \u00e0 la client\u00e8le.<br>Pour vous fournir les produits et services que vous demandez.<br>Pour vous fournir un contenu et un service personnalis\u00e9s afin qu'ils correspondent mieux \u00e0 vos int\u00e9r\u00eats et \u00e0 vos besoins.<br>Pour r\u00e9pondre \u00e0 vos demandes et satisfaire vos exigences, y compris l'ex\u00e9cution des commandes, la conception, la production, la livraison de produits ou de syst\u00e8mes photovolta\u00efques DIY, les services apr\u00e8s-vente et l'assistance technique.<br>Pour vous contacter avec votre consentement ; nous vous envoyons des informations sur nos produits et notre marketing qui peuvent aider votre entreprise.<br>Pour vous envoyer des informations importantes concernant notre relation avec vous ou concernant les modifications apport\u00e9es sur le site \u00e0 nos termes, conditions, politiques et autres informations administratives.<br>\u00c0 des fins commerciales, telles que l'analyse des donn\u00e9es, les audits, le d\u00e9veloppement de nouveaux produits, l'am\u00e9lioration de nos services, l'identification des tendances d'utilisation et la d\u00e9termination de l'efficacit\u00e9 de nos campagnes promotionnelles.<\/p>\n\n\n\n<p>Partage de vos informations<\/p>\n\n\n\n<p>Dans certains cas, nous confierons \u00e0 des tiers le soin de traiter vos informations personnelles en notre nom. Par exemple, les soci\u00e9t\u00e9s qui envoient des messages textuels et des courriers \u00e9lectroniques, ou qui fournissent une assistance technique en notre nom, ne peuvent utiliser vos informations personnelles que pour vous fournir des services en notre nom.<br>Nous pouvons partager certaines informations personnelles avec nos soci\u00e9t\u00e9s affili\u00e9es et nos partenaires strat\u00e9giques qui coop\u00e8rent avec nous pour fournir des produits et des services de temps \u00e0 autre, afin de fournir les produits ou les services dont vous avez besoin.<\/p>\n\n\n\n<p>S\u00e9curit\u00e9 de vos informations<\/p>\n\n\n\n<p>Nous prenons des mesures organisationnelles, techniques et administratives raisonnables pour prot\u00e9ger vos informations contre l'acc\u00e8s, la divulgation, l'alt\u00e9ration ou la destruction non autoris\u00e9s. Malheureusement, aucune transmission de donn\u00e9es sur l'internet ni aucun syst\u00e8me de stockage de donn\u00e9es ne peuvent \u00eatre garantis comme \u00e9tant 100% s\u00fbrs. Nous vous recommandons de prendre \u00e9galement des mesures pour prot\u00e9ger vos informations, telles que l'utilisation de mots de passe forts et la mise \u00e0 jour de vos logiciels.<\/p>\n\n\n\n<p>Acc\u00e8s et choix<\/p>\n\n\n\n<p>Vous avez le choix en ce qui concerne l'utilisation et la divulgation de vos informations personnelles. Vous pouvez choisir de :<br>Mettre \u00e0 jour et corriger vos informations personnelles.<br>Modifier vos pr\u00e9f\u00e9rences pour certaines communications.<\/p>\n\n\n\n<p><\/p>","protected":false},"excerpt":{"rendered":"<p>Welcome to &nbsp;Mate Solar Co., Ltd.(\u201cUnited\u201d, \u201cwe\u201d, \u201cus\u201d, \u201cour\u201d). Your privacy and the security of your personal information are paramount to us. This Privacy Policy describes the types of information we collect, how we use it, the measures we take to protect your information, and the choices you have regarding our use of your information. [&hellip;]<\/p>\n","protected":false},"author":1,"featured_media":0,"parent":0,"menu_order":0,"comment_status":"closed","ping_status":"closed","template":"page\/privacy.php","meta":{"_monsterinsights_skip_tracking":false,"_monsterinsights_sitenote_active":false,"_monsterinsights_sitenote_note":"","_monsterinsights_sitenote_category":0},"class_list":["post-783","page","type-page","status-publish","hentry"],"_links":{"self":[{"href":"https:\/\/www.mate-solar.com\/fr\/wp-json\/wp\/v2\/pages\/783","targetHints":{"allow":["GET"]}}],"collection":[{"href":"https:\/\/www.mate-solar.com\/fr\/wp-json\/wp\/v2\/pages"}],"about":[{"href":"https:\/\/www.mate-solar.com\/fr\/wp-json\/wp\/v2\/types\/page"}],"author":[{"embeddable":true,"href":"https:\/\/www.mate-solar.com\/fr\/wp-json\/wp\/v2\/users\/1"}],"replies":[{"embeddable":true,"href":"https:\/\/www.mate-solar.com\/fr\/wp-json\/wp\/v2\/comments?post=783"}],"version-history":[{"count":3,"href":"https:\/\/www.mate-solar.com\/fr\/wp-json\/wp\/v2\/pages\/783\/revisions"}],"predecessor-version":[{"id":1432,"href":"https:\/\/www.mate-solar.com\/fr\/wp-json\/wp\/v2\/pages\/783\/revisions\/1432"}],"wp:attachment":[{"href":"https:\/\/www.mate-solar.com\/fr\/wp-json\/wp\/v2\/media?parent=783"}],"curies":[{"name":"wp","href":"https:\/\/api.w.org\/{rel}","templated":true}]}}