{"id":783,"date":"2025-04-02T11:37:30","date_gmt":"2025-04-02T03:37:30","guid":{"rendered":"http:\/\/mate-solar.com\/?page_id=783"},"modified":"2025-05-14T11:25:08","modified_gmt":"2025-05-14T03:25:08","slug":"politica-de-privacidad","status":"publish","type":"page","link":"https:\/\/www.mate-solar.com\/es\/privacy-policy\/","title":{"rendered":"Pol\u00edtica de privacidad"},"content":{"rendered":"<p>Bienvenido a Mate Solar Co., Ltd. (\"Unidos\", \"nosotros\", \"nos\", \"nuestro\"). Su privacidad y la seguridad de su informaci\u00f3n personal son primordiales para nosotros. Esta Pol\u00edtica de Privacidad describe los tipos de informaci\u00f3n que recopilamos, c\u00f3mo la utilizamos, las medidas que tomamos para proteger su informaci\u00f3n y las opciones que tiene con respecto al uso que hacemos de su informaci\u00f3n. Le rogamos que lea atentamente esta pol\u00edtica.<\/p>\n\n\n\n<p>Informaci\u00f3n que recopilamos<\/p>\n\n\n\n<p>Recopilamos informaci\u00f3n que puede identificarle, como su nombre, direcci\u00f3n de correo electr\u00f3nico, n\u00famero de tel\u00e9fono y domicilio, as\u00ed como otros datos que no le identifican. Recogemos esta informaci\u00f3n de diversas formas, como cuando solicita un presupuesto, se suscribe a nuestro bolet\u00edn, participa en una encuesta o se pone en contacto con nuestro departamento de atenci\u00f3n al cliente.<\/p>\n\n\n\n<p>C\u00f3mo utilizamos su informaci\u00f3n<\/p>\n\n\n\n<p>Podemos utilizar su informaci\u00f3n personal para los siguientes fines:<br>Para introducirlo en nuestro sistema de atenci\u00f3n al cliente.<br>Para proporcionarle los productos y servicios que solicite.<br>Para ofrecerle contenidos y servicios personalizados que respondan mejor a sus intereses y necesidades.<br>Para responder a sus consultas y satisfacer sus peticiones, incluida la tramitaci\u00f3n de pedidos; el dise\u00f1o, la producci\u00f3n y la entrega de productos o sistemas fotovoltaicos DIY; o los servicios posventa y la prestaci\u00f3n de asistencia t\u00e9cnica.<br>Para ponernos en contacto con usted con su consentimiento; le estamos enviando informaci\u00f3n sobre nuestros productos y marketing que puede ayudar a su negocio.<br>Para enviarle informaci\u00f3n importante sobre nuestra relaci\u00f3n con usted o sobre los cambios del sitio en nuestros t\u00e9rminos, condiciones, pol\u00edticas y otra informaci\u00f3n administrativa.<br>Para nuestros fines empresariales, como an\u00e1lisis de datos, auditor\u00edas, desarrollo de nuevos productos, mejora de nuestros servicios, identificaci\u00f3n de tendencias de uso y determinaci\u00f3n de la eficacia de nuestras campa\u00f1as promocionales.<\/p>\n\n\n\n<p>Compartir su informaci\u00f3n<\/p>\n\n\n\n<p>En algunos casos confiaremos a terceros el tratamiento de sus datos personales en nuestro nombre. Por ejemplo, las empresas que env\u00edan mensajes de texto y de correo electr\u00f3nico, o que prestan asistencia t\u00e9cnica en nuestro nombre, solo podr\u00e1n utilizar sus Datos Personales para prestarle servicios en nuestro nombre.<br>Podemos compartir cierta informaci\u00f3n personal con nuestros afiliados y socios estrat\u00e9gicos que cooperan con nosotros para proporcionar productos y servicios de vez en cuando, para proporcionar los productos o servicios requeridos por usted.<\/p>\n\n\n\n<p>Seguridad de su informaci\u00f3n<\/p>\n\n\n\n<p>Tomamos las medidas organizativas, t\u00e9cnicas y administrativas razonables para proteger su informaci\u00f3n del acceso no autorizado, divulgaci\u00f3n, alteraci\u00f3n o destrucci\u00f3n. Lamentablemente, no se puede garantizar que la transmisi\u00f3n de datos por Internet o el sistema de almacenamiento de datos sea 100% seguro. Le recomendamos que tambi\u00e9n tome medidas para proteger su informaci\u00f3n, como utilizar contrase\u00f1as seguras y mantener su software actualizado.<\/p>\n\n\n\n<p>Acceso y opciones<\/p>\n\n\n\n<p>Usted tiene opciones con respecto a nuestro uso y divulgaci\u00f3n de su informaci\u00f3n personal. Puede elegir entre:<br>Actualice y corrija su informaci\u00f3n personal.<br>Cambiar sus preferencias para determinadas comunicaciones.<\/p>\n\n\n\n<p><\/p>","protected":false},"excerpt":{"rendered":"<p>Welcome to &nbsp;Mate Solar Co., Ltd.(\u201cUnited\u201d, \u201cwe\u201d, \u201cus\u201d, \u201cour\u201d). Your privacy and the security of your personal information are paramount to us. This Privacy Policy describes the types of information we collect, how we use it, the measures we take to protect your information, and the choices you have regarding our use of your information. [&hellip;]<\/p>\n","protected":false},"author":1,"featured_media":0,"parent":0,"menu_order":0,"comment_status":"closed","ping_status":"closed","template":"page\/privacy.php","meta":{"_monsterinsights_skip_tracking":false,"_monsterinsights_sitenote_active":false,"_monsterinsights_sitenote_note":"","_monsterinsights_sitenote_category":0},"class_list":["post-783","page","type-page","status-publish","hentry"],"_links":{"self":[{"href":"https:\/\/www.mate-solar.com\/es\/wp-json\/wp\/v2\/pages\/783","targetHints":{"allow":["GET"]}}],"collection":[{"href":"https:\/\/www.mate-solar.com\/es\/wp-json\/wp\/v2\/pages"}],"about":[{"href":"https:\/\/www.mate-solar.com\/es\/wp-json\/wp\/v2\/types\/page"}],"author":[{"embeddable":true,"href":"https:\/\/www.mate-solar.com\/es\/wp-json\/wp\/v2\/users\/1"}],"replies":[{"embeddable":true,"href":"https:\/\/www.mate-solar.com\/es\/wp-json\/wp\/v2\/comments?post=783"}],"version-history":[{"count":3,"href":"https:\/\/www.mate-solar.com\/es\/wp-json\/wp\/v2\/pages\/783\/revisions"}],"predecessor-version":[{"id":1432,"href":"https:\/\/www.mate-solar.com\/es\/wp-json\/wp\/v2\/pages\/783\/revisions\/1432"}],"wp:attachment":[{"href":"https:\/\/www.mate-solar.com\/es\/wp-json\/wp\/v2\/media?parent=783"}],"curies":[{"name":"wp","href":"https:\/\/api.w.org\/{rel}","templated":true}]}}