{"id":786,"date":"2025-04-02T11:40:52","date_gmt":"2025-04-02T03:40:52","guid":{"rendered":"http:\/\/mate-solar.com\/?page_id=786"},"modified":"2025-04-02T11:47:07","modified_gmt":"2025-04-02T03:47:07","slug":"benutzungsbedingungen","status":"publish","type":"page","link":"https:\/\/www.mate-solar.com\/de\/terms-of-use\/","title":{"rendered":"Nutzungsbedingungen"},"content":{"rendered":"<p>Willkommen bei Mate Solar Co, Ltd. (\"United\", \"wir\", \"uns\", \"unser\"). Ihre Privatsph\u00e4re und die Sicherheit Ihrer pers\u00f6nlichen Daten sind f\u00fcr uns von h\u00f6chster Bedeutung. Diese Datenschutzrichtlinie beschreibt die Arten von Informationen, die wir sammeln, wie wir sie verwenden, die Ma\u00dfnahmen, die wir zum Schutz Ihrer Informationen ergreifen, und die Wahlm\u00f6glichkeiten, die Sie in Bezug auf unsere Verwendung Ihrer Informationen haben. Bitte lesen Sie diese Richtlinie sorgf\u00e4ltig durch.<\/p>\n\n\n\n<p>Gesammelte Informationen<\/p>\n\n\n\n<p>Wir sammeln Informationen, die Sie identifizieren k\u00f6nnen, wie z. B. Ihren Namen, Ihre E-Mail-Adresse, Ihre Telefonnummer und Ihre Privatanschrift, sowie andere Informationen, die Sie nicht identifizieren. Wir erfassen diese Informationen auf verschiedene Weise, z. B. wenn Sie ein Angebot anfordern, sich f\u00fcr unseren Newsletter anmelden, an einer Umfrage teilnehmen oder unseren Kundendienst kontaktieren.<\/p>\n\n\n\n<p>Wie wir Ihre Informationen verwenden<\/p>\n\n\n\n<p>Wir k\u00f6nnen Ihre personenbezogenen Daten f\u00fcr die folgenden Zwecke verwenden:<br>Um sie in unser Kundendienstsystem einzugeben.<br>Um Ihnen die von Ihnen gew\u00fcnschten Produkte und Dienstleistungen anbieten zu k\u00f6nnen.<br>Um Ihnen ma\u00dfgeschneiderte Inhalte und personalisierte Dienste anbieten zu k\u00f6nnen, die Ihren Interessen und Bed\u00fcrfnissen besser entsprechen.<br>Um Ihre Anfragen zu beantworten und Ihre W\u00fcnsche zu erf\u00fcllen, einschlie\u00dflich der Ausf\u00fchrung von Auftr\u00e4gen, der Entwicklung, Herstellung und Lieferung von Produkten oder DIY-PV-Systemen oder von Kundendienstleistungen und technischer Unterst\u00fctzung.<br>Um Sie mit Ihrem Einverst\u00e4ndnis zu kontaktieren; wir senden Ihnen Informationen \u00fcber unsere Produkte und unser Marketing, die f\u00fcr Ihr Unternehmen n\u00fctzlich sein k\u00f6nnen.<br>Um Ihnen wichtige Informationen \u00fcber unsere Beziehung zu Ihnen oder \u00fcber \u00c4nderungen unserer Gesch\u00e4ftsbedingungen, Richtlinien und andere administrative Informationen zukommen zu lassen.<br>F\u00fcr unsere gesch\u00e4ftlichen Zwecke, z. B. Datenanalyse, Audits, Entwicklung neuer Produkte, Verbesserung unserer Dienstleistungen, Ermittlung von Nutzungstrends und Bestimmung der Wirksamkeit unserer Werbekampagnen.<\/p>\n\n\n\n<p>Weitergabe Ihrer Informationen<\/p>\n\n\n\n<p>In einigen F\u00e4llen werden wir Dritte mit der Verarbeitung Ihrer personenbezogenen Daten in unserem Namen beauftragen. So d\u00fcrfen beispielsweise Unternehmen, die in unserem Auftrag Textnachrichten und E-Mails versenden oder technischen Support leisten, Ihre personenbezogenen Daten nur dazu verwenden, in unserem Auftrag Dienstleistungen f\u00fcr Sie zu erbringen.<br>Wir k\u00f6nnen bestimmte personenbezogene Daten an unsere verbundenen Unternehmen und strategischen Partner weitergeben, die von Zeit zu Zeit mit uns zusammenarbeiten, um die von Ihnen gew\u00fcnschten Produkte und Dienstleistungen zu liefern.<\/p>\n\n\n\n<p>Sicherheit Ihrer Informationen<\/p>\n\n\n\n<p>Wir ergreifen angemessene organisatorische, technische und administrative Ma\u00dfnahmen, um Ihre Daten vor unbefugtem Zugriff, Offenlegung, \u00c4nderung oder Zerst\u00f6rung zu sch\u00fctzen. Leider kann bei keiner Daten\u00fcbertragung \u00fcber das Internet oder bei keinem Datenspeichersystem garantiert werden, dass sie 100% sicher sind. Wir empfehlen Ihnen, ebenfalls Ma\u00dfnahmen zum Schutz Ihrer Daten zu ergreifen, z. B. sichere Passw\u00f6rter zu verwenden und Ihre Software auf dem neuesten Stand zu halten.<\/p>\n\n\n\n<p>Zugang und Auswahlm\u00f6glichkeiten<\/p>\n\n\n\n<p>Sie haben die Wahl, wie wir Ihre pers\u00f6nlichen Daten verwenden und weitergeben. Sie k\u00f6nnen w\u00e4hlen:<br>Aktualisieren und korrigieren Sie Ihre pers\u00f6nlichen Daten.<br>\u00c4ndern Sie Ihre Pr\u00e4ferenzen f\u00fcr bestimmte Mitteilungen.<\/p>","protected":false},"excerpt":{"rendered":"<p>Welcome to &nbsp;Mate Solar Co., Ltd.(\u201cUnited\u201d, \u201cwe\u201d, \u201cus\u201d, \u201cour\u201d). Your privacy and the security of your personal information are paramount to us. This Privacy Policy describes the types of information we collect, how we use it, the measures we take to protect your information, and the choices you have regarding our use of your information. [&hellip;]<\/p>\n","protected":false},"author":1,"featured_media":0,"parent":0,"menu_order":0,"comment_status":"closed","ping_status":"closed","template":"page\/Terms of Use.php","meta":{"_monsterinsights_skip_tracking":false,"_monsterinsights_sitenote_active":false,"_monsterinsights_sitenote_note":"","_monsterinsights_sitenote_category":0},"class_list":["post-786","page","type-page","status-publish","hentry"],"_links":{"self":[{"href":"https:\/\/www.mate-solar.com\/de\/wp-json\/wp\/v2\/pages\/786","targetHints":{"allow":["GET"]}}],"collection":[{"href":"https:\/\/www.mate-solar.com\/de\/wp-json\/wp\/v2\/pages"}],"about":[{"href":"https:\/\/www.mate-solar.com\/de\/wp-json\/wp\/v2\/types\/page"}],"author":[{"embeddable":true,"href":"https:\/\/www.mate-solar.com\/de\/wp-json\/wp\/v2\/users\/1"}],"replies":[{"embeddable":true,"href":"https:\/\/www.mate-solar.com\/de\/wp-json\/wp\/v2\/comments?post=786"}],"version-history":[{"count":2,"href":"https:\/\/www.mate-solar.com\/de\/wp-json\/wp\/v2\/pages\/786\/revisions"}],"predecessor-version":[{"id":790,"href":"https:\/\/www.mate-solar.com\/de\/wp-json\/wp\/v2\/pages\/786\/revisions\/790"}],"wp:attachment":[{"href":"https:\/\/www.mate-solar.com\/de\/wp-json\/wp\/v2\/media?parent=786"}],"curies":[{"name":"wp","href":"https:\/\/api.w.org\/{rel}","templated":true}]}}